{"id":2,"date":"2024-12-04T17:06:32","date_gmt":"2024-12-04T17:06:32","guid":{"rendered":"https:\/\/budo.vn\/?page_id=2"},"modified":"2025-10-02T17:16:56","modified_gmt":"2025-10-02T17:16:56","slug":"sample-page","status":"publish","type":"page","link":"https:\/\/budo.vn\/","title":{"rendered":"Sample Page"},"content":{"rendered":"\n\n\t<h1>BUDO &#8211; CHUY\u00caN B\u1ea2N S\u1ec8\/ L\u1eba LEGO<\/h1>\n<h4>S\u0110T L\/H: 0907 455 703<\/h4>\n<p>WEBSITE C\u00d2N \u0110ANG X\u00c2Y D\u1ef0NG N\u00caN CH\u01afA C\u00d3 N\u1ed8I DUNG<\/p>\n\t\t\t\t<a href=\"#\" target=\"_self\" itemprop=\"url\">\n\t\t\t\t<img loading=\"lazy\" decoding=\"async\" src=\"https:\/\/demos.wpbeaverbuilder.com\/wp-content\/uploads\/sites\/4\/bb-plugin\/cache\/iStock_000010007652XSmall-landscape.jpg\" alt=\"iStock_000010007652XSmall\" itemprop=\"image\" height=\"282\" width=\"425\" title=\"iStock_000010007652XSmall\" onerror=\"this.style.display='none'\"  \/>\n\t\t\t\t<\/a>\n<h4><a href=\"#\" target=\"_self\">Meet The Photographer<\/a><\/h4>\t\n\t\t<h4><a href=\"#\" target=\"_self\">Our Services<\/a><\/h4>\t\n\t\t\t\t<a href=\"#\" target=\"_self\" itemprop=\"url\">\n\t\t\t\t<img loading=\"lazy\" decoding=\"async\" src=\"https:\/\/demos.wpbeaverbuilder.com\/wp-content\/uploads\/sites\/4\/bb-plugin\/cache\/shutterstock_113785513-1024x682-landscape.jpg\" alt=\"Vix caelo unus animalibus caeleste magni grandia pondus locoque quarum nam habentem freta scythiam spectent levitate oppida emicuit\" itemprop=\"image\" height=\"682\" width=\"1024\" title=\"shutterstock_113785513\" onerror=\"this.style.display='none'\"  \/>\n\t\t\t\t<\/a>\n<h4><a href=\"#\" target=\"_self\">Read Our Blog<\/a><\/h4>\t\n<h2>\n\t\tClient Love!\n\t<\/h2>\n\t\t\t<p>Lorem ipsum dolor sit amet, consectetur adipiscing elit. Ut a dui eros. Suspendisse iaculis, dui in luctus luctus, turpis ipsum blandit est, sed fermentum arcu sem quis purus.<em><strong>~ Justin Busa<\/strong><\/em><\/p>\t\t\n\t\t\t<p>Lorem ipsum dolor sit amet, consectetur adipiscing elit. Ut a dui eros. Suspendisse iaculis, dui in luctus luctus, turpis ipsum blandit est, sed fermentum arcu sem quis purus.<em><strong>~ Billy Young<\/strong><\/em><\/p>\t\t\n\t\t\t<p>Lorem ipsum dolor sit amet, consectetur adipiscing elit. Ut a dui eros. Suspendisse iaculis, dui in luctus luctus, turpis ipsum blandit est, sed fermentum arcu sem quis purus.<em><strong>~ Robby McCullough<\/strong><\/em><\/p>\t\t\n\t\t<h3>Ready to learn more? Contact us today for a free quote! <\/h3>\n\t\t\t<a href=\"#\" target=\"_self\">\n\t\t\t\t\t\t\tGet In Touch\n\t\t\t\t\t<\/a>\n\n","protected":false},"excerpt":{"rendered":"<p>BUDO &#8211; CHUY\u00caN B\u1ea2N S\u1ec8\/ L\u1eba LEGO S\u0110T L\/H: 0907 455 703 WEBSITE C\u00d2N \u0110ANG X\u00c2Y D\u1ef0NG N\u00caN CH\u01afA C\u00d3 N\u1ed8I DUNG Meet The Photographer Our Services Read Our Blog Client Love! Lorem ipsum dolor sit amet, consectetur adipiscing elit. Ut a dui eros. Suspendisse iaculis, dui in luctus luctus, turpis ipsum blandit est, sed&hellip;<\/p>\n","protected":false},"author":1,"featured_media":0,"parent":0,"menu_order":0,"comment_status":"closed","ping_status":"open","template":"","meta":{"footnotes":""},"class_list":["post-2","page","type-page","status-publish","hentry"],"_links":{"self":[{"href":"https:\/\/budo.vn\/index.php\/wp-json\/wp\/v2\/pages\/2","targetHints":{"allow":["GET"]}}],"collection":[{"href":"https:\/\/budo.vn\/index.php\/wp-json\/wp\/v2\/pages"}],"about":[{"href":"https:\/\/budo.vn\/index.php\/wp-json\/wp\/v2\/types\/page"}],"author":[{"embeddable":true,"href":"https:\/\/budo.vn\/index.php\/wp-json\/wp\/v2\/users\/1"}],"replies":[{"embeddable":true,"href":"https:\/\/budo.vn\/index.php\/wp-json\/wp\/v2\/comments?post=2"}],"version-history":[{"count":4,"href":"https:\/\/budo.vn\/index.php\/wp-json\/wp\/v2\/pages\/2\/revisions"}],"predecessor-version":[{"id":15,"href":"https:\/\/budo.vn\/index.php\/wp-json\/wp\/v2\/pages\/2\/revisions\/15"}],"wp:attachment":[{"href":"https:\/\/budo.vn\/index.php\/wp-json\/wp\/v2\/media?parent=2"}],"curies":[{"name":"wp","href":"https:\/\/api.w.org\/{rel}","templated":true}]}}